{"id":2678,"date":"2021-04-22T13:21:40","date_gmt":"2021-04-22T13:21:40","guid":{"rendered":"https:\/\/testumgebung.corvay.de\/test\/ferroshield-r-hws\/"},"modified":"2025-06-04T10:43:42","modified_gmt":"2025-06-04T10:43:42","slug":"ferroshield-r-hws","status":"publish","type":"page","link":"https:\/\/www.corvay.de\/en\/ferroshield-r-hws\/","title":{"rendered":"FerroShieldR-HWS"},"content":{"rendered":"<p>[vc_row bg_type=&#8221;image&#8221; parallax_style=&#8221;vcpb-default&#8221; bg_image_new=&#8221;id^1768|url^https:\/\/testumgebung.corvay.de\/test\/wp-content\/uploads\/2021\/04\/csc_produktgruppe_dicarbonsaeure.jpg|caption^null|alt^null|title^csc_produktgruppe_dicarbonsaeure|description^null&#8221; bg_image_repeat=&#8221;no-repeat&#8221; css=&#8221;.vc_custom_1619603721970{margin-top: 0px !important;margin-right: -150px !important;margin-bottom: 0px !important;margin-left: -150px !important;padding-top: 0px !important;padding-bottom: 0px !important;}&#8221;][vc_column css=&#8221;.vc_custom_1615392333618{margin-top: 0px !important;padding-top: 0px !important;}&#8221;][ultimate_spacer height=&#8221;352&#8243;][vc_single_image image=&#8221;1012&#8243; img_size=&#8221;full&#8221; css=&#8221;.vc_custom_1619603729248{margin-top: 0px !important;margin-bottom: 0px !important;margin-left: 130px !important;padding-top: 0px !important;padding-bottom: 0px !important;}&#8221;][\/vc_column][\/vc_row][vc_row css=&#8221;.vc_custom_1617187846717{margin-top: 45px !important;}&#8221;][vc_column css=&#8221;.vc_custom_1615823706424{margin-top: 0px !important;padding-top: 0px !important;}&#8221;][vc_column_text css=&#8221;.vc_custom_1622065051164{margin-top: 0px !important;margin-bottom: 0px !important;padding-top: 0px !important;}&#8221; el_class=&#8221;link-text&#8221;]<a href=\"https:\/\/corvay.de\">HOME<\/a> &gt; <a href=\"https:\/\/corvay.de\/corvay-specialty-chemical\/\">CORVAY SPECIALTY CHEMICALS<\/a> &gt; <strong>FerroShield<sup>\u00ae<\/sup>HWS <\/strong>[\/vc_column_text][\/vc_column][\/vc_row][vc_row css=&#8221;.vc_custom_1617120116557{margin-top: 28px !important;margin-bottom: 0px !important;padding-bottom: 0px !important;}&#8221;][vc_column][vc_column_text]<\/p>\n<h1>FerroShield<sup>\u00ae<\/sup>HWS<\/h1>\n<p>[\/vc_column_text][\/vc_column][\/vc_row][vc_row][vc_column][vc_row_inner][vc_column_inner width=&#8221;2\/3&#8243;][dt_vc_list dividers=&#8221;false&#8221;]<strong>ALLGEMEINES<\/strong><\/p>\n<div class=\"standard-arrow bullet-top\">\n<ul class=\"standard-arrow-tuerkis\">\n<li>FerroShield<strong><sup>\u00ae<\/sup><\/strong> HWS (Hard Water Stability)<\/li>\n<li>CAS-Nummer: 111-20-6 \/ 1852-04-6 \/ 693-23-2<\/li>\n<li>EINECS-Nummer: 203-845-5 \/ 217-440-6 \/ 211-746-3<\/li>\n<\/ul>\n<\/div>\n<p>[\/dt_vc_list][\/vc_column_inner][vc_column_inner width=&#8221;1\/3&#8243;][dt_default_button link=&#8221;&#8221; size=&#8221;medium&#8221;]JETZT KONTAKT AUFNEHMEN[\/dt_default_button][\/vc_column_inner][\/vc_row_inner][ultimate_spacer height=&#8221;40&#8243;][vc_column_text css=&#8221;.vc_custom_1636493473631{margin-bottom: 0px !important;padding-bottom: 20px !important;}&#8221;]<strong>PRODUKTBESCHREIBUNG<\/strong><br \/>\nFerroShield\u00ae HWS ist ein nitratfreies Gemisch<br \/>\naus Dicarbons\u00e4uren. Es wird als Korrosionsinhibitor eingesetzt. FerroShield\u00ae HWS bewirkt<br \/>\nau\u00dfergew\u00f6hnlich hohe Korrosionsbest\u00e4ndigkeit und zeigt hohe Hartwasser-Stabilit\u00e4t.[\/vc_column_text][ultimate_spacer height=&#8221;40&#8243;][vc_column_text css=&#8221;.vc_custom_1621420528331{margin-bottom: 0px !important;padding-bottom: 20px !important;}&#8221;]<strong>CHEMIKALIENVERORDNUNG<\/strong><br \/>\nChemikalie ist REACH registriert.[\/vc_column_text][ultimate_spacer height=&#8221;40&#8243;][dt_vc_list dividers=&#8221;false&#8221;]<strong>ANWENDUNGEN<\/strong><\/p>\n<div class=\"standard-arrow bullet-top\">\n<ul class=\"standard-arrow-tuerkis\">\n<li>Metallbearbeitungsfl\u00fcssigkeiten<\/li>\n<li>K\u00fchlfl\u00fcssigkeit<\/li>\n<li>Metallreiniger<\/li>\n<li>Trennmittel f\u00fcr Druckguss<\/li>\n<li>W\u00e4ssrige Hydraulikfl\u00fcssigkeiten<\/li>\n<\/ul>\n<\/div>\n<p>[\/dt_vc_list][ultimate_spacer height=&#8221;40&#8243;][dt_vc_list dividers=&#8221;false&#8221;]<strong>VERPACKUNG<\/strong><\/p>\n<div class=\"standard-arrow bullet-top\">\n<ul class=\"standard-arrow-tuerkis\">\n<li>25kg Plastikbeutel<\/li>\n<li>500 oder 1000 kg Big Bags<\/li>\n<\/ul>\n<\/div>\n<p>[\/dt_vc_list][ultimate_spacer height=&#8221;40&#8243;][dt_vc_list dividers=&#8221;false&#8221;]<strong>VERSAND<\/strong><\/p>\n<div class=\"standard-arrow bullet-top\">\n<ul class=\"standard-arrow-tuerkis\">\n<li>ADR\/RID: Kein Gefahrgut<\/li>\n<li>IMDG: Kein Gefahrgut<\/li>\n<li>IATA: Kein Gefahrgut<\/li>\n<\/ul>\n<\/div>\n<p>[\/dt_vc_list][ultimate_spacer height=&#8221;40&#8243;][vc_column_text css=&#8221;.vc_custom_1621418528193{margin-bottom: 0px !important;padding-bottom: 20px !important;}&#8221;]<strong>LAGERUNG &amp; HALTBARKEIT<\/strong><br \/>\nK\u00fchl und dunkel lagern. Bei sachgem\u00e4\u00dfer Lagerung betr\u00e4gt die Haltbarkeit zwei Jahre.[\/vc_column_text][dt_default_button link=&#8221;&#8221; size=&#8221;medium&#8221;]PRODUKTDATENBLATT[\/dt_default_button][ultimate_spacer height=&#8221;40&#8243;][vc_column_text]<small><strong>HAFTUNGSASUSCHLUSS<\/strong><br \/>\nDiese Informationen sowie alle technischen und sonstigen Ratschl\u00e4ge basieren auf den derzeitigen Kenntnissen und Erfahrungen der Corvay Specialty Chemicals GmbH, Hannover. Die Corvay Specialty Chemicals GmbH \u00fcbernimmt keine Haftung f\u00fcr diese Informationen oder Ratschl\u00e4ge, einschlie\u00dflich des Umfangs, in dem sich diese Informationen oder Ratschl\u00e4ge auf Rechte an geistigem Eigentum Dritter beziehen k\u00f6nnen. Corvay Specialty Chemicals GmbH beh\u00e4lt sich das Recht vor, jederzeit ohne vorherige oder nachtr\u00e4gliche Benachrichtigung \u00c4nderungen an den Informationen oder Ratschl\u00e4gen vorzunehmen. Corvay Specialty Chemicals GmbH lehnt jegliche ausdr\u00fcckliche oder stillschweigende Zusicherungen und Garantien ab und \u00fcbernimmt keine Haftung f\u00fcr die Markttauglichkeit des Produktes oder dessen Eignung f\u00fcr einen bestimmten Zweck, auch wenn die Corvay Specialty Chemicals GmbH diesen oder andere Zwecke kennt. Die Corvay Specialty Chemicals GmbH haftet nicht f\u00fcr Folgesch\u00e4den, indirekte oder zuf\u00e4llige Sch\u00e4den, einschlie\u00dflich entgangenen Gewinns jeglicher Art. Es liegt in der alleinigen Verantwortung des Kunden, dass alle Produkte von qualifizierten Experten inspiziert und gepr\u00fcft werden.<\/small>[\/vc_column_text][\/vc_column][\/vc_row][vc_row css=&#8221;.vc_custom_1617318236990{margin-top: 0px !important;margin-bottom: 0px !important;padding-top: 0px !important;padding-bottom: 0px !important;}&#8221;][vc_column css=&#8221;.vc_custom_1615482408911{margin-top: 0px !important;padding-top: 0px !important;}&#8221;][ultimate_spacer height=&#8221;45&#8243;][vc_column_text css=&#8221;.vc_custom_1617318257303{margin-bottom: 0px !important;padding-bottom: 0px !important;}&#8221;]<\/p>\n<p style=\"text-align: center;\"><strong>CORVAY SPECIALTY CHEMICALS<\/strong><\/p>\n<p>[\/vc_column_text][\/vc_column][\/vc_row][vc_row bg_type=&#8221;bg_color&#8221; ult_hide_row=&#8221;ult_hide_row_value&#8221; ult_hide_row_mobile=&#8221;mobile&#8221; ult_hide_row_mobile_large=&#8221;xl_mobile&#8221; css=&#8221;.vc_custom_1617318222399{margin-top: 0px !important;margin-bottom: 2px !important;padding-top: 0px !important;}&#8221;][vc_column width=&#8221;1\/3&#8243;][\/vc_column][vc_column width=&#8221;1\/3&#8243;][vc_row_inner][vc_column_inner width=&#8221;1\/4&#8243;][\/vc_column_inner][vc_column_inner width=&#8221;1\/4&#8243;][vc_single_image image=&#8221;234&#8243; img_size=&#8221;full&#8221; alignment=&#8221;center&#8221; onclick=&#8221;custom_link&#8221; img_link_target=&#8221;_blank&#8221; image_hovers=&#8221;false&#8221; link=&#8221;https:\/\/www.xing.com\/pages\/corvaygmbh&#8221;][\/vc_column_inner][vc_column_inner width=&#8221;1\/4&#8243;][vc_single_image image=&#8221;228&#8243; img_size=&#8221;full&#8221; onclick=&#8221;custom_link&#8221; img_link_target=&#8221;_blank&#8221; image_hovers=&#8221;false&#8221; link=&#8221;https:\/\/www.linkedin.com\/company\/corvay-gmbh\/&#8221;][\/vc_column_inner][vc_column_inner width=&#8221;1\/4&#8243;][\/vc_column_inner][\/vc_row_inner][\/vc_column][vc_column width=&#8221;1\/3&#8243;][\/vc_column][\/vc_row][vc_row bg_type=&#8221;bg_color&#8221; ult_hide_row=&#8221;ult_hide_row_value&#8221; ult_hide_row_large_screen=&#8221;large_screen&#8221; ult_hide_row_desktop=&#8221;desktop&#8221; ult_hide_row_tablet=&#8221;tablet&#8221; ult_hide_row_tablet_small=&#8221;xs_tablet&#8221;][vc_column width=&#8221;1\/2&#8243; offset=&#8221;vc_col-xs-6&#8243; css=&#8221;.vc_custom_1617318121380{margin-top: 20px !important;padding-top: 0px !important;}&#8221;][vc_single_image image=&#8221;234&#8243; img_size=&#8221;full&#8221; alignment=&#8221;right&#8221; onclick=&#8221;custom_link&#8221; img_link_target=&#8221;_blank&#8221; image_hovers=&#8221;false&#8221; link=&#8221;https:\/\/www.xing.com\/pages\/corvaygmbh&#8221;][\/vc_column][vc_column width=&#8221;1\/2&#8243; css=&#8221;.vc_custom_1617318113418{margin-top: 20px !important;padding-top: 0px !important;}&#8221; offset=&#8221;vc_col-xs-6&#8243;][vc_single_image image=&#8221;228&#8243; img_size=&#8221;full&#8221; onclick=&#8221;custom_link&#8221; img_link_target=&#8221;_blank&#8221; image_hovers=&#8221;false&#8221; link=&#8221;https:\/\/www.linkedin.com\/company\/corvay-gmbh\/&#8221;][\/vc_column][\/vc_row]<\/p>\n","protected":false},"excerpt":{"rendered":"<p>[vc_row bg_type=&#8221;image&#8221; parallax_style=&#8221;vcpb-default&#8221; bg_image_new=&#8221;id^1768|url^https:\/\/testumgebung.corvay.de\/test\/wp-content\/uploads\/2021\/04\/csc_produktgruppe_dicarbonsaeure.jpg|caption^null|alt^null|title^csc_produktgruppe_dicarbonsaeure|description^null&#8221; bg_image_repeat=&#8221;no-repeat&#8221; css=&#8221;.vc_custom_1619603721970{margin-top: 0px !important;margin-right: -150px !important;margin-bottom:  [&#8230;]<\/p>\n","protected":false},"author":1,"featured_media":0,"parent":0,"menu_order":0,"comment_status":"closed","ping_status":"open","template":"","meta":{"footnotes":""},"class_list":["post-2678","page","type-page","status-publish","hentry"],"_links":{"self":[{"href":"https:\/\/www.corvay.de\/en\/wp-json\/wp\/v2\/pages\/2678","targetHints":{"allow":["GET"]}}],"collection":[{"href":"https:\/\/www.corvay.de\/en\/wp-json\/wp\/v2\/pages"}],"about":[{"href":"https:\/\/www.corvay.de\/en\/wp-json\/wp\/v2\/types\/page"}],"author":[{"embeddable":true,"href":"https:\/\/www.corvay.de\/en\/wp-json\/wp\/v2\/users\/1"}],"replies":[{"embeddable":true,"href":"https:\/\/www.corvay.de\/en\/wp-json\/wp\/v2\/comments?post=2678"}],"version-history":[{"count":13,"href":"https:\/\/www.corvay.de\/en\/wp-json\/wp\/v2\/pages\/2678\/revisions"}],"predecessor-version":[{"id":7586,"href":"https:\/\/www.corvay.de\/en\/wp-json\/wp\/v2\/pages\/2678\/revisions\/7586"}],"wp:attachment":[{"href":"https:\/\/www.corvay.de\/en\/wp-json\/wp\/v2\/media?parent=2678"}],"curies":[{"name":"wp","href":"https:\/\/api.w.org\/{rel}","templated":true}]}}